{"id":57,"date":"2014-04-07T13:32:57","date_gmt":"2014-04-07T11:32:57","guid":{"rendered":"http:\/\/2.expozicekryl.cz\/?page_id=57"},"modified":"2014-10-05T15:46:58","modified_gmt":"2014-10-05T13:46:58","slug":"expozice","status":"publish","type":"page","link":"https:\/\/expozicekryl.cz\/","title":{"rendered":"Expozice"},"content":{"rendered":"<p style=\"text-align: justify;\"><a href=\"http:\/\/2.expozicekryl.cz\/wp-content\/uploads\/2014\/04\/MINI_FB_ekkCOVER2014.jpg\"><img loading=\"lazy\" decoding=\"async\" class=\"alignnone  wp-image-359\" src=\"http:\/\/2.expozicekryl.cz\/wp-content\/uploads\/2014\/04\/MINI_FB_ekkCOVER2014.jpg\" alt=\"MINI_FB_ekkCOVER2014\" width=\"771\" height=\"288\" srcset=\"https:\/\/expozicekryl.cz\/wp-content\/uploads\/2014\/04\/MINI_FB_ekkCOVER2014.jpg 1181w, https:\/\/expozicekryl.cz\/wp-content\/uploads\/2014\/04\/MINI_FB_ekkCOVER2014-300x112.jpg 300w, https:\/\/expozicekryl.cz\/wp-content\/uploads\/2014\/04\/MINI_FB_ekkCOVER2014-1024x382.jpg 1024w\" sizes=\"auto, (max-width: 771px) 100vw, 771px\" \/><\/a><\/p>\n<p style=\"text-align: justify;\"><em>\u201eSmyslem expozice<\/em><em>\u00a0je\u00a0p\u0159edstavit Karla Kryla\u00a0nikoliv jako um\u011blecko-politick\u00fd fenom\u00e9n, ale\u00a0jako v\u00fdznamnou komplexn\u00ed osobnost na\u0161\u00ed kultury.\u00a0Koncept je zalo\u017een na\u00a0sc\u00e9nick\u00e9 podpo\u0159e emocion\u00e1ln\u00edho p\u016fsoben\u00ed\u00a0Krylova d\u00edla bez d\u016frazu na \u010dasovou osu a faktografii jeho \u017eivota. V\u00fdstava tedy nebude \u201eknihou\u201c v n\u00ed\u017e je nutn\u00e9 listovat ale sjednocuj\u00edc\u00ed metaforickou sc\u00e9nou jeho d\u011bl&#8230;<\/em><em>Z\u00e1kladem expozice je zhmotn\u011bn\u00ed Krylova pocitu \u201ebezdomov\u00ed\u201c, zvl\u00e1\u0161tn\u00edho pocitu obt\u00ed\u017en\u00e9 v\u010dlenitelnosti n\u011bkam dom\u016f, kde city nejsou zra\u0148ov\u00e1ny pok\u0159ivenost\u00ed charakteru, zradou a nev\u011brnost\u00ed.\u201c \u00a0 \u00a0 \u00a0 \u00a0 \u00a0 \u00a0 \u00a0 \u00a0 \u00a0 \u00a0 \u00a0 \u00a0 \u00a0 \u00a0 \u00a0 \u00a0 \u00a0 \u00a0 \u00a0 \u00a0 \u00a0 \u00a0 \u00a0 \u00a0 \u00a0 \u00a0 \u00a0 \u00a0 \u00a0 \u00a0 \u00a0 \u00a0 \u00a0 \u00a0 \u00a0 \u00a0 \u00a0 \u00a0 \u00a0 \u00a0 \u00a0 \u00a0 \u00a0 \u00a0 \u00a0 \u00a0 \u00a0 \u00a0 \u00a0 \u00a0 \u00a0 \u00a0 \u00a0 \u00a0 \u00a0 \u00a0 \u00a0 \u00a0 \u00a0 \u00a0 \u00a0 \u00a0<\/em><em>\u00a0 \u00a0Ing. akad. arch. Jan Kone\u010dn\u00fd CSc., autor expozice.<\/em><\/p>\n<p style=\"text-align: justify;\"><a href=\"http:\/\/2.expozicekryl.cz\/wp-content\/uploads\/2014\/04\/DSC1733.jpg\"><img loading=\"lazy\" decoding=\"async\" class=\"alignnone size-full wp-image-360\" src=\"http:\/\/2.expozicekryl.cz\/wp-content\/uploads\/2014\/04\/DSC1733.jpg\" alt=\"_DSC1733\" width=\"1024\" height=\"685\" srcset=\"https:\/\/expozicekryl.cz\/wp-content\/uploads\/2014\/04\/DSC1733.jpg 1024w, https:\/\/expozicekryl.cz\/wp-content\/uploads\/2014\/04\/DSC1733-300x200.jpg 300w\" sizes=\"auto, (max-width: 1024px) 100vw, 1024px\" \/><\/a><\/p>\n","protected":false},"excerpt":{"rendered":"<p>\u201eSmyslem expozice\u00a0je\u00a0p\u0159edstavit Karla Kryla\u00a0nikoliv jako um\u011blecko-politick\u00fd fenom\u00e9n, ale\u00a0jako v\u00fdznamnou komplexn\u00ed osobnost na\u0161\u00ed kultury.\u00a0Koncept je zalo\u017een na\u00a0sc\u00e9nick\u00e9 podpo\u0159e emocion\u00e1ln\u00edho p\u016fsoben\u00ed\u00a0Krylova d\u00edla bez d\u016frazu na \u010dasovou osu a faktografii jeho \u017eivota. V\u00fdstava tedy nebude \u201eknihou\u201c v n\u00ed\u017e je nutn\u00e9 listovat ale sjednocuj\u00edc\u00ed metaforickou sc\u00e9nou jeho d\u011bl&#8230;Z\u00e1kladem expozice je zhmotn\u011bn\u00ed Krylova pocitu \u201ebezdomov\u00ed\u201c, zvl\u00e1\u0161tn\u00edho pocitu obt\u00ed\u017en\u00e9 v\u010dlenitelnosti n\u011bkam &hellip; <a href=\"https:\/\/expozicekryl.cz\/\" class=\"more-link\">Pokra\u010dov\u00e1n\u00ed textu <span class=\"screen-reader-text\">Expozice<\/span> <span class=\"meta-nav\">&rarr;<\/span><\/a><\/p>\n","protected":false},"author":1,"featured_media":0,"parent":0,"menu_order":0,"comment_status":"closed","ping_status":"closed","template":"","meta":{"_monsterinsights_skip_tracking":false,"_monsterinsights_sitenote_active":false,"_monsterinsights_sitenote_note":"","_monsterinsights_sitenote_category":0,"ngg_post_thumbnail":0,"footnotes":""},"class_list":["post-57","page","type-page","status-publish","hentry"],"_links":{"self":[{"href":"https:\/\/expozicekryl.cz\/index.php?rest_route=\/wp\/v2\/pages\/57","targetHints":{"allow":["GET"]}}],"collection":[{"href":"https:\/\/expozicekryl.cz\/index.php?rest_route=\/wp\/v2\/pages"}],"about":[{"href":"https:\/\/expozicekryl.cz\/index.php?rest_route=\/wp\/v2\/types\/page"}],"author":[{"embeddable":true,"href":"https:\/\/expozicekryl.cz\/index.php?rest_route=\/wp\/v2\/users\/1"}],"replies":[{"embeddable":true,"href":"https:\/\/expozicekryl.cz\/index.php?rest_route=%2Fwp%2Fv2%2Fcomments&post=57"}],"version-history":[{"count":13,"href":"https:\/\/expozicekryl.cz\/index.php?rest_route=\/wp\/v2\/pages\/57\/revisions"}],"predecessor-version":[{"id":422,"href":"https:\/\/expozicekryl.cz\/index.php?rest_route=\/wp\/v2\/pages\/57\/revisions\/422"}],"wp:attachment":[{"href":"https:\/\/expozicekryl.cz\/index.php?rest_route=%2Fwp%2Fv2%2Fmedia&parent=57"}],"curies":[{"name":"wp","href":"https:\/\/api.w.org\/{rel}","templated":true}]}}