{"id":433,"date":"2014-10-08T10:20:34","date_gmt":"2014-10-08T08:20:34","guid":{"rendered":"http:\/\/2.expozicekryl.cz\/?page_id=433"},"modified":"2014-10-08T10:44:10","modified_gmt":"2014-10-08T08:44:10","slug":"slavnostni-otevreni-expozice-karla-kryla","status":"publish","type":"page","link":"https:\/\/expozicekryl.cz\/?page_id=433","title":{"rendered":"Slavnostn\u00ed otev\u0159en\u00ed Expozice Karla Kryla"},"content":{"rendered":"ngg_shortcode_0_placeholder\n<p><a href=\"http:\/\/2.expozicekryl.cz\/wp-content\/uploads\/2014\/09\/10575347_368038340016357_6052629713711960557_o.jpg\"><img loading=\"lazy\" decoding=\"async\" class=\"alignnone size-full wp-image-371\" src=\"http:\/\/2.expozicekryl.cz\/wp-content\/uploads\/2014\/09\/10575347_368038340016357_6052629713711960557_o.jpg\" alt=\"10575347_368038340016357_6052629713711960557_o\" width=\"1024\" height=\"633\" srcset=\"https:\/\/expozicekryl.cz\/wp-content\/uploads\/2014\/09\/10575347_368038340016357_6052629713711960557_o.jpg 1024w, https:\/\/expozicekryl.cz\/wp-content\/uploads\/2014\/09\/10575347_368038340016357_6052629713711960557_o-300x185.jpg 300w\" sizes=\"auto, (max-width: 1024px) 100vw, 1024px\" \/><\/a><a href=\"http:\/\/2.expozicekryl.cz\/wp-content\/uploads\/2014\/10\/DSC1698.jpg\"><img loading=\"lazy\" decoding=\"async\" class=\"alignnone size-full wp-image-479\" src=\"http:\/\/2.expozicekryl.cz\/wp-content\/uploads\/2014\/10\/DSC1698.jpg\" alt=\"_DSC1698\" width=\"1024\" height=\"913\" srcset=\"https:\/\/expozicekryl.cz\/wp-content\/uploads\/2014\/10\/DSC1698.jpg 1024w, https:\/\/expozicekryl.cz\/wp-content\/uploads\/2014\/10\/DSC1698-300x267.jpg 300w\" sizes=\"auto, (max-width: 1024px) 100vw, 1024px\" \/><\/a><a href=\"http:\/\/2.expozicekryl.cz\/wp-content\/uploads\/2014\/10\/DSC1691.jpg\"><img loading=\"lazy\" decoding=\"async\" class=\"alignnone size-full wp-image-478\" src=\"http:\/\/2.expozicekryl.cz\/wp-content\/uploads\/2014\/10\/DSC1691.jpg\" alt=\"_DSC1691\" width=\"1024\" height=\"907\" srcset=\"https:\/\/expozicekryl.cz\/wp-content\/uploads\/2014\/10\/DSC1691.jpg 1024w, https:\/\/expozicekryl.cz\/wp-content\/uploads\/2014\/10\/DSC1691-300x265.jpg 300w\" sizes=\"auto, (max-width: 1024px) 100vw, 1024px\" \/><\/a><!--more--><\/p>\n<p>&nbsp;<\/p>\n","protected":false},"excerpt":{"rendered":"","protected":false},"author":4,"featured_media":370,"parent":195,"menu_order":0,"comment_status":"open","ping_status":"open","template":"","meta":{"_monsterinsights_skip_tracking":false,"_monsterinsights_sitenote_active":false,"_monsterinsights_sitenote_note":"","_monsterinsights_sitenote_category":0,"ngg_post_thumbnail":0,"footnotes":""},"class_list":["post-433","page","type-page","status-publish","has-post-thumbnail","hentry"],"_links":{"self":[{"href":"https:\/\/expozicekryl.cz\/index.php?rest_route=\/wp\/v2\/pages\/433","targetHints":{"allow":["GET"]}}],"collection":[{"href":"https:\/\/expozicekryl.cz\/index.php?rest_route=\/wp\/v2\/pages"}],"about":[{"href":"https:\/\/expozicekryl.cz\/index.php?rest_route=\/wp\/v2\/types\/page"}],"author":[{"embeddable":true,"href":"https:\/\/expozicekryl.cz\/index.php?rest_route=\/wp\/v2\/users\/4"}],"replies":[{"embeddable":true,"href":"https:\/\/expozicekryl.cz\/index.php?rest_route=%2Fwp%2Fv2%2Fcomments&post=433"}],"version-history":[{"count":3,"href":"https:\/\/expozicekryl.cz\/index.php?rest_route=\/wp\/v2\/pages\/433\/revisions"}],"predecessor-version":[{"id":476,"href":"https:\/\/expozicekryl.cz\/index.php?rest_route=\/wp\/v2\/pages\/433\/revisions\/476"}],"up":[{"embeddable":true,"href":"https:\/\/expozicekryl.cz\/index.php?rest_route=\/wp\/v2\/pages\/195"}],"wp:featuredmedia":[{"embeddable":true,"href":"https:\/\/expozicekryl.cz\/index.php?rest_route=\/wp\/v2\/media\/370"}],"wp:attachment":[{"href":"https:\/\/expozicekryl.cz\/index.php?rest_route=%2Fwp%2Fv2%2Fmedia&parent=433"}],"curies":[{"name":"wp","href":"https:\/\/api.w.org\/{rel}","templated":true}]}}