{"id":397,"date":"2014-09-25T14:13:34","date_gmt":"2014-09-25T12:13:34","guid":{"rendered":"http:\/\/2.expozicekryl.cz\/?page_id=397"},"modified":"2014-10-08T11:03:06","modified_gmt":"2014-10-08T09:03:06","slug":"dum-kultury-kromeriz","status":"publish","type":"page","link":"https:\/\/expozicekryl.cz\/?page_id=397","title":{"rendered":"D\u016fm kultury v Krom\u011b\u0159\u00ed\u017ei"},"content":{"rendered":"<p>P\u0159ehled kulturn\u00edch akc\u00ed, po\u0159\u00e1dan\u00fdch Domem kultury v Krom\u011b\u0159\u00ed\u017ei<\/p>\n<p><a href=\"http:\/\/2.expozicekryl.cz\/wp-content\/uploads\/2014\/09\/LOgo__dk_barva_50-1.jpg\"><img loading=\"lazy\" decoding=\"async\" class=\"alignnone size-full wp-image-481\" src=\"http:\/\/2.expozicekryl.cz\/wp-content\/uploads\/2014\/09\/LOgo__dk_barva_50-1.jpg\" alt=\"LOgo__dk_barva_50 1\" width=\"2087\" height=\"1255\" srcset=\"https:\/\/expozicekryl.cz\/wp-content\/uploads\/2014\/09\/LOgo__dk_barva_50-1.jpg 2087w, https:\/\/expozicekryl.cz\/wp-content\/uploads\/2014\/09\/LOgo__dk_barva_50-1-300x180.jpg 300w, https:\/\/expozicekryl.cz\/wp-content\/uploads\/2014\/09\/LOgo__dk_barva_50-1-1024x615.jpg 1024w\" sizes=\"auto, (max-width: 2087px) 100vw, 2087px\" \/><\/a><\/p>\n<p><a href=\"http:\/\/www.dk-kromeriz.cz\/\">http:\/\/www.dk-kromeriz.cz\/<\/a><\/p>\n","protected":false},"excerpt":{"rendered":"<p>P\u0159ehled kulturn\u00edch akc\u00ed, po\u0159\u00e1dan\u00fdch Domem kultury v Krom\u011b\u0159\u00ed\u017ei http:\/\/www.dk-kromeriz.cz\/<\/p>\n","protected":false},"author":4,"featured_media":0,"parent":0,"menu_order":0,"comment_status":"open","ping_status":"open","template":"","meta":{"_monsterinsights_skip_tracking":false,"_monsterinsights_sitenote_active":false,"_monsterinsights_sitenote_note":"","_monsterinsights_sitenote_category":0,"ngg_post_thumbnail":0,"footnotes":""},"class_list":["post-397","page","type-page","status-publish","hentry"],"_links":{"self":[{"href":"https:\/\/expozicekryl.cz\/index.php?rest_route=\/wp\/v2\/pages\/397","targetHints":{"allow":["GET"]}}],"collection":[{"href":"https:\/\/expozicekryl.cz\/index.php?rest_route=\/wp\/v2\/pages"}],"about":[{"href":"https:\/\/expozicekryl.cz\/index.php?rest_route=\/wp\/v2\/types\/page"}],"author":[{"embeddable":true,"href":"https:\/\/expozicekryl.cz\/index.php?rest_route=\/wp\/v2\/users\/4"}],"replies":[{"embeddable":true,"href":"https:\/\/expozicekryl.cz\/index.php?rest_route=%2Fwp%2Fv2%2Fcomments&post=397"}],"version-history":[{"count":6,"href":"https:\/\/expozicekryl.cz\/index.php?rest_route=\/wp\/v2\/pages\/397\/revisions"}],"predecessor-version":[{"id":486,"href":"https:\/\/expozicekryl.cz\/index.php?rest_route=\/wp\/v2\/pages\/397\/revisions\/486"}],"wp:attachment":[{"href":"https:\/\/expozicekryl.cz\/index.php?rest_route=%2Fwp%2Fv2%2Fmedia&parent=397"}],"curies":[{"name":"wp","href":"https:\/\/api.w.org\/{rel}","templated":true}]}}