{"id":25,"date":"2014-04-07T08:35:15","date_gmt":"2014-04-07T06:35:15","guid":{"rendered":"http:\/\/2.expozicekryl.cz\/?page_id=25"},"modified":"2014-09-19T11:15:30","modified_gmt":"2014-09-19T09:15:30","slug":"kontakt","status":"publish","type":"page","link":"https:\/\/expozicekryl.cz\/?page_id=25","title":{"rendered":"Kontakt"},"content":{"rendered":"<h2>Expozice Karla Kryla<\/h2>\n<p>Star\u00fd Pivovar<\/p>\n<p>Prusinovsk\u00e9ho 114<\/p>\n<p>Krom\u011b\u0159\u00ed\u017e 767 01<\/p>\n<p>\u010cesk\u00e1 republika<\/p>\n<h3>Kdy k n\u00e1m m\u016f\u017eete p\u0159ij\u00edt<\/h3>\n<p>\u00dat &#8211; ne: 9-12, 13-17<\/p>\n<h3>Vstupn\u00e9<\/h3>\n<ul>\n<li>dosp\u011bl\u00ed 40,- K\u010d<\/li>\n<li>studenti (pr\u016fkaz studenta),senio\u0159i, ZTP, ZTP\/P 20,- K\u010d<\/li>\n<li>d\u011bti do 6 let zdarma<\/li>\n<\/ul>\n<h3>Kontaktujte n\u00e1s<\/h3>\n<p>tel: 573 321 440<\/p>\n<p>e-mail: expozicekryl@dk-kromeriz.cz<\/p>\n<p>Facebook:\u00a0<a href=\"https:\/\/www.facebook.com\/expozicekarlakryla\" target=\"_blank\">https:\/\/www.facebook.com\/expozicekarlakryla<\/a><\/p>\n\n","protected":false},"excerpt":{"rendered":"<p>Expozice Karla Kryla Star\u00fd Pivovar Prusinovsk\u00e9ho 114 Krom\u011b\u0159\u00ed\u017e 767 01 \u010cesk\u00e1 republika Kdy k n\u00e1m m\u016f\u017eete p\u0159ij\u00edt \u00dat &#8211; ne: 9-12, 13-17 Vstupn\u00e9 dosp\u011bl\u00ed 40,- K\u010d studenti (pr\u016fkaz studenta),senio\u0159i, ZTP, ZTP\/P 20,- K\u010d d\u011bti do 6 let zdarma Kontaktujte n\u00e1s tel: 573 321 440 e-mail: expozicekryl@dk-kromeriz.cz Facebook:\u00a0https:\/\/www.facebook.com\/expozicekarlakryla<\/p>\n","protected":false},"author":1,"featured_media":0,"parent":0,"menu_order":0,"comment_status":"closed","ping_status":"closed","template":"","meta":{"_monsterinsights_skip_tracking":false,"_monsterinsights_sitenote_active":false,"_monsterinsights_sitenote_note":"","_monsterinsights_sitenote_category":0,"ngg_post_thumbnail":0,"footnotes":""},"class_list":["post-25","page","type-page","status-publish","hentry"],"_links":{"self":[{"href":"https:\/\/expozicekryl.cz\/index.php?rest_route=\/wp\/v2\/pages\/25","targetHints":{"allow":["GET"]}}],"collection":[{"href":"https:\/\/expozicekryl.cz\/index.php?rest_route=\/wp\/v2\/pages"}],"about":[{"href":"https:\/\/expozicekryl.cz\/index.php?rest_route=\/wp\/v2\/types\/page"}],"author":[{"embeddable":true,"href":"https:\/\/expozicekryl.cz\/index.php?rest_route=\/wp\/v2\/users\/1"}],"replies":[{"embeddable":true,"href":"https:\/\/expozicekryl.cz\/index.php?rest_route=%2Fwp%2Fv2%2Fcomments&post=25"}],"version-history":[{"count":6,"href":"https:\/\/expozicekryl.cz\/index.php?rest_route=\/wp\/v2\/pages\/25\/revisions"}],"predecessor-version":[{"id":319,"href":"https:\/\/expozicekryl.cz\/index.php?rest_route=\/wp\/v2\/pages\/25\/revisions\/319"}],"wp:attachment":[{"href":"https:\/\/expozicekryl.cz\/index.php?rest_route=%2Fwp%2Fv2%2Fmedia&parent=25"}],"curies":[{"name":"wp","href":"https:\/\/api.w.org\/{rel}","templated":true}]}}