{"id":201,"date":"2014-04-28T08:32:22","date_gmt":"2014-04-28T06:32:22","guid":{"rendered":"http:\/\/2.expozicekryl.cz\/?page_id=201"},"modified":"2014-04-28T08:40:25","modified_gmt":"2014-04-28T06:40:25","slug":"vernisaz-karel-kryl-24-4-2014","status":"publish","type":"page","link":"https:\/\/expozicekryl.cz\/?page_id=201","title":{"rendered":"Vernis\u00e1\u017e k v\u00fdstav\u011b Karel Kryl &#8211; m\u016fj \u017eivot &#8211; 24.4.2014"},"content":{"rendered":"<p>Pod\u00edvejte se, jak vypadala vernis\u00e1\u017e k otev\u0159en\u00ed v\u00fdstavy s n\u00e1zev Karel Kryl &#8211; m\u016fj \u017eivot (1944-1994), kter\u00e1 prob\u011bhla 24.4.2014 v <a title=\"D\u016fm Kultury Krom\u011b\u0159\u00ed\u017e\" href=\"http:\/\/www.dk-kromeriz.cz\/\" target=\"_blank\">krom\u011b\u0159\u00ed\u017esk\u00e9m Dom\u011b kultury<\/a>.<\/p>\nngg_shortcode_0_placeholder\n","protected":false},"excerpt":{"rendered":"<p>Pod\u00edvejte se, jak vypadala vernis\u00e1\u017e k otev\u0159en\u00ed v\u00fdstavy s n\u00e1zev Karel Kryl &#8211; m\u016fj \u017eivot (1944-1994), kter\u00e1 prob\u011bhla 24.4.2014 v krom\u011b\u0159\u00ed\u017esk\u00e9m Dom\u011b kultury.<\/p>\n","protected":false},"author":1,"featured_media":0,"parent":195,"menu_order":0,"comment_status":"open","ping_status":"open","template":"","meta":{"_monsterinsights_skip_tracking":false,"_monsterinsights_sitenote_active":false,"_monsterinsights_sitenote_note":"","_monsterinsights_sitenote_category":0,"ngg_post_thumbnail":0,"footnotes":""},"class_list":["post-201","page","type-page","status-publish","hentry"],"_links":{"self":[{"href":"https:\/\/expozicekryl.cz\/index.php?rest_route=\/wp\/v2\/pages\/201","targetHints":{"allow":["GET"]}}],"collection":[{"href":"https:\/\/expozicekryl.cz\/index.php?rest_route=\/wp\/v2\/pages"}],"about":[{"href":"https:\/\/expozicekryl.cz\/index.php?rest_route=\/wp\/v2\/types\/page"}],"author":[{"embeddable":true,"href":"https:\/\/expozicekryl.cz\/index.php?rest_route=\/wp\/v2\/users\/1"}],"replies":[{"embeddable":true,"href":"https:\/\/expozicekryl.cz\/index.php?rest_route=%2Fwp%2Fv2%2Fcomments&post=201"}],"version-history":[{"count":2,"href":"https:\/\/expozicekryl.cz\/index.php?rest_route=\/wp\/v2\/pages\/201\/revisions"}],"predecessor-version":[{"id":209,"href":"https:\/\/expozicekryl.cz\/index.php?rest_route=\/wp\/v2\/pages\/201\/revisions\/209"}],"up":[{"embeddable":true,"href":"https:\/\/expozicekryl.cz\/index.php?rest_route=\/wp\/v2\/pages\/195"}],"wp:attachment":[{"href":"https:\/\/expozicekryl.cz\/index.php?rest_route=%2Fwp%2Fv2%2Fmedia&parent=201"}],"curies":[{"name":"wp","href":"https:\/\/api.w.org\/{rel}","templated":true}]}}