{"id":199,"date":"2014-04-28T08:29:50","date_gmt":"2014-04-28T06:29:50","guid":{"rendered":"http:\/\/2.expozicekryl.cz\/?page_id=199"},"modified":"2014-04-28T08:57:52","modified_gmt":"2014-04-28T06:57:52","slug":"v-tyhle-zemi-se-mi-blbe-dejcha-12-4-2014","status":"publish","type":"page","link":"https:\/\/expozicekryl.cz\/?page_id=199","title":{"rendered":"V t\u00fdhle zemi se mi blb\u011b dejch\u00e1 12.4.2014"},"content":{"rendered":"<p>Vzpom\u00ednkov\u00fd koncert na velk\u00e9ho \u010desk\u00e9ho p\u00edsni\u010dk\u00e1\u0159e v pod\u00e1n\u00ed\u00a0Vladim\u00edra Merty, Vlastimila T\u0159e\u0161\u0148\u00e1ka, Dagmar Vo\u0148kov\u00e9 a Hust\u00fdho Wimpy prob\u011bhla na Star\u00e9m pivovaru 12.4.2014.<\/p>\nngg_shortcode_0_placeholder\n","protected":false},"excerpt":{"rendered":"<p>Vzpom\u00ednkov\u00fd koncert na velk\u00e9ho \u010desk\u00e9ho p\u00edsni\u010dk\u00e1\u0159e v pod\u00e1n\u00ed\u00a0Vladim\u00edra Merty, Vlastimila T\u0159e\u0161\u0148\u00e1ka, Dagmar Vo\u0148kov\u00e9 a Hust\u00fdho Wimpy prob\u011bhla na Star\u00e9m pivovaru 12.4.2014.<\/p>\n","protected":false},"author":1,"featured_media":0,"parent":195,"menu_order":0,"comment_status":"open","ping_status":"open","template":"","meta":{"_monsterinsights_skip_tracking":false,"_monsterinsights_sitenote_active":false,"_monsterinsights_sitenote_note":"","_monsterinsights_sitenote_category":0,"ngg_post_thumbnail":0,"footnotes":""},"class_list":["post-199","page","type-page","status-publish","hentry"],"_links":{"self":[{"href":"https:\/\/expozicekryl.cz\/index.php?rest_route=\/wp\/v2\/pages\/199","targetHints":{"allow":["GET"]}}],"collection":[{"href":"https:\/\/expozicekryl.cz\/index.php?rest_route=\/wp\/v2\/pages"}],"about":[{"href":"https:\/\/expozicekryl.cz\/index.php?rest_route=\/wp\/v2\/types\/page"}],"author":[{"embeddable":true,"href":"https:\/\/expozicekryl.cz\/index.php?rest_route=\/wp\/v2\/users\/1"}],"replies":[{"embeddable":true,"href":"https:\/\/expozicekryl.cz\/index.php?rest_route=%2Fwp%2Fv2%2Fcomments&post=199"}],"version-history":[{"count":2,"href":"https:\/\/expozicekryl.cz\/index.php?rest_route=\/wp\/v2\/pages\/199\/revisions"}],"predecessor-version":[{"id":271,"href":"https:\/\/expozicekryl.cz\/index.php?rest_route=\/wp\/v2\/pages\/199\/revisions\/271"}],"up":[{"embeddable":true,"href":"https:\/\/expozicekryl.cz\/index.php?rest_route=\/wp\/v2\/pages\/195"}],"wp:attachment":[{"href":"https:\/\/expozicekryl.cz\/index.php?rest_route=%2Fwp%2Fv2%2Fmedia&parent=199"}],"curies":[{"name":"wp","href":"https:\/\/api.w.org\/{rel}","templated":true}]}}