{"id":195,"date":"2014-04-28T08:27:00","date_gmt":"2014-04-28T06:27:00","guid":{"rendered":"http:\/\/2.expozicekryl.cz\/?page_id=195"},"modified":"2014-04-28T08:58:54","modified_gmt":"2014-04-28T06:58:54","slug":"fotogalerie","status":"publish","type":"page","link":"https:\/\/expozicekryl.cz\/?page_id=195","title":{"rendered":"Fotogalerie"},"content":{"rendered":"<p>Chcete se pod\u00edvat, jak vypadaly akce spojen\u00e9 s Karlem Krylem? Zde nab\u00edz\u00edme kompletn\u00ed p\u0159ehled v\u0161ech na\u0161ich fotogaleri\u00ed.<\/p>\n<p><a style=\"font-size: 14px; line-height: 1.5em;\" title=\"V t\u00fdhle zemi se mi blb\u011b dejch\u00e1 12.4.2014\" href=\"http:\/\/2.expozicekryl.cz\/?page_id=199\">V t\u00fdhle zemi se mi blb\u011b dejch\u00e1 &#8211; koncert 12.4.2014\u00a0<\/a><br \/>\n<a style=\"font-size: 14px; line-height: 1.5em;\" title=\"Vernis\u00e1\u017e Karel Kryl - 24.4.2014\" href=\"http:\/\/2.expozicekryl.cz\/?page_id=201\">Vernis\u00e1\u017e k v\u00fdstav\u011b Karel Kryl &#8211; m\u016fj \u017eivot &#8211; 24.4.2014<\/a><br \/>\n<a style=\"font-size: 14px; line-height: 1.5em;\" title=\"Ji\u0159\u00ed \u010cern\u00fd o Karlu Krylovi v Krom\u011b\u0159\u00ed\u017ei\" href=\"http:\/\/2.expozicekryl.cz\/?page_id=203\">Po\u0159ad Ji\u0159\u00edho \u010cern\u00e9ho o Karlu Krylovi &#8211; 24.4.2014<\/a><\/p>\n","protected":false},"excerpt":{"rendered":"<p>Chcete se pod\u00edvat, jak vypadaly akce spojen\u00e9 s Karlem Krylem? Zde nab\u00edz\u00edme kompletn\u00ed p\u0159ehled v\u0161ech na\u0161ich fotogaleri\u00ed. V t\u00fdhle zemi se mi blb\u011b dejch\u00e1 &#8211; koncert 12.4.2014\u00a0 Vernis\u00e1\u017e k v\u00fdstav\u011b Karel Kryl &#8211; m\u016fj \u017eivot &#8211; 24.4.2014 Po\u0159ad Ji\u0159\u00edho \u010cern\u00e9ho o Karlu Krylovi &#8211; 24.4.2014<\/p>\n","protected":false},"author":1,"featured_media":0,"parent":0,"menu_order":0,"comment_status":"closed","ping_status":"closed","template":"","meta":{"_monsterinsights_skip_tracking":false,"_monsterinsights_sitenote_active":false,"_monsterinsights_sitenote_note":"","_monsterinsights_sitenote_category":0,"ngg_post_thumbnail":0,"footnotes":""},"class_list":["post-195","page","type-page","status-publish","hentry"],"_links":{"self":[{"href":"https:\/\/expozicekryl.cz\/index.php?rest_route=\/wp\/v2\/pages\/195","targetHints":{"allow":["GET"]}}],"collection":[{"href":"https:\/\/expozicekryl.cz\/index.php?rest_route=\/wp\/v2\/pages"}],"about":[{"href":"https:\/\/expozicekryl.cz\/index.php?rest_route=\/wp\/v2\/types\/page"}],"author":[{"embeddable":true,"href":"https:\/\/expozicekryl.cz\/index.php?rest_route=\/wp\/v2\/users\/1"}],"replies":[{"embeddable":true,"href":"https:\/\/expozicekryl.cz\/index.php?rest_route=%2Fwp%2Fv2%2Fcomments&post=195"}],"version-history":[{"count":11,"href":"https:\/\/expozicekryl.cz\/index.php?rest_route=\/wp\/v2\/pages\/195\/revisions"}],"predecessor-version":[{"id":423,"href":"https:\/\/expozicekryl.cz\/index.php?rest_route=\/wp\/v2\/pages\/195\/revisions\/423"}],"wp:attachment":[{"href":"https:\/\/expozicekryl.cz\/index.php?rest_route=%2Fwp%2Fv2%2Fmedia&parent=195"}],"curies":[{"name":"wp","href":"https:\/\/api.w.org\/{rel}","templated":true}]}}